{"id":5,"date":"2022-07-05T20:08:32","date_gmt":"2022-07-05T20:08:32","guid":{"rendered":"http:\/\/dreamtecharg.com\/?page_id=5"},"modified":"2023-04-12T20:51:29","modified_gmt":"2023-04-12T20:51:29","slug":"carpinteria-metalica-2","status":"publish","type":"page","link":"https:\/\/dreamtecharg.com\/","title":{"rendered":"Carpinter\u00eda Met\u00e1lica"},"content":{"rendered":"\n<div class=\"wp-block-group alignfull is-layout-flow wp-block-group-is-layout-flow\">\n<div class=\"wp-block-columns are-vertically-aligned-center is-layout-flex wp-container-core-columns-is-layout-28f84493 wp-block-columns-is-layout-flex\">\n<div class=\"wp-block-column is-vertically-aligned-center is-layout-flow wp-block-column-is-layout-flow\">\n<div style=\"height:48px\" aria-hidden=\"true\" class=\"wp-block-spacer\"><\/div>\n\n\n\n<figure class=\"wp-block-image aligncenter size-full is-resized\"><img fetchpriority=\"high\" decoding=\"async\" src=\"https:\/\/dreamtecharg.com\/wp-content\/uploads\/2022\/07\/tube-bender-work-machine-2819136.jpg\" alt=\"Herrer\u00eda \" class=\"wp-image-99\" width=\"475\" height=\"315\"\/><\/figure>\n\n\n\n<p>Empresa l\u00edder en herrer\u00eda de Obra y Herrer\u00eda Industrial(Carpinter\u00eda Met\u00e1lica): Realizamos Parrillas, cercos de pileta, barandas, escaleras, herrer\u00eda art\u00edstica, techos, puertas y portones, estructuras met\u00e1licas, entre pisos, estrucutras Met\u00e1licas, Entrepisos Metalicos, Trabajos especiales con planos, Produccion,  etc.  <\/p>\n\n\n\n<div class=\"wp-block-buttons is-layout-flex wp-block-buttons-is-layout-flex\">\n<div class=\"wp-block-button is-style-outline is-style-outline--1\"><a class=\"wp-block-button__link wp-element-button\" href=\"https:\/\/dreamtecharg.com\/index.php\/carpinteria-metalica\/\">MAs..<\/a><\/div>\n<\/div>\n<\/div>\n<\/div>\n<\/div>\n\n\n\n<div class=\"wp-block-group alignfull has-background is-layout-flow wp-block-group-is-layout-flow\" style=\"background-color:#e5e9ec\">\n<div class=\"wp-block-columns is-layout-flex wp-container-core-columns-is-layout-28f84493 wp-block-columns-is-layout-flex\">\n<div class=\"wp-block-column is-vertically-aligned-center is-layout-flow wp-block-column-is-layout-flow\">\n<h3 class=\"wp-block-heading\">Nuestra Carpinter\u00eda Met\u00e1lica &#8211; Herrer\u00eda <\/h3>\n\n\n\n<p>Somos una Fabrica Nacional que brinda soluciones metal\u00fargicas integrales a diversos rubros. Nos dedicamos al dise\u00f1o y la fabricaci\u00f3n de productos para cubrir cualquier necesidad de la industria.\u00a0<\/p>\n\n\n\n<p>Adem\u00e1s, realizamos la producci\u00f3n integral del producto: esbozamos y elaboramos la pieza que tu empresa precisa.<\/p>\n\n\n\n<div class=\"wp-block-buttons is-horizontal is-content-justification-left is-layout-flex wp-container-core-buttons-is-layout-20be11b6 wp-block-buttons-is-layout-flex\">\n<div class=\"wp-block-button is-style-outline is-style-outline--2\"><a class=\"wp-block-button__link wp-element-button\" href=\"#\">Nosotros<\/a><\/div>\n<\/div>\n\n\n\n<p><\/p>\n<\/div>\n\n\n\n<div class=\"wp-block-column is-layout-flow wp-block-column-is-layout-flow\">\n<div style=\"height:48px\" aria-hidden=\"true\" class=\"wp-block-spacer\"><\/div>\n\n\n\n<figure class=\"wp-block-image size-full\"><img decoding=\"async\" width=\"1280\" height=\"853\" src=\"http:\/\/dreamtecharg.com\/wp-content\/uploads\/2022\/07\/airport-architecture-building-2178606.jpg\" alt=\"Carpinter\u00eda Met\u00e1lica y Herrer\u00eda de Obra\" class=\"wp-image-56\"\/><\/figure>\n<\/div>\n<\/div>\n<\/div>\n\n\n\n<div class=\"wp-block-group alignfull is-layout-flow wp-block-group-is-layout-flow\">\n<div class=\"wp-block-columns are-vertically-aligned-center is-layout-flex wp-container-core-columns-is-layout-28f84493 wp-block-columns-is-layout-flex\">\n<div class=\"wp-block-column is-vertically-aligned-center is-layout-flow wp-block-column-is-layout-flow\">\n<div style=\"height:48px\" aria-hidden=\"true\" class=\"wp-block-spacer\"><\/div>\n\n\n\n<figure class=\"wp-block-image size-full\"><img decoding=\"async\" width=\"1280\" height=\"853\" src=\"https:\/\/dreamtecharg.com\/wp-content\/uploads\/2022\/07\/welding-production-factory-4345794.jpg\" alt=\"Carpinter\u00eda Met\u00e1lica y Herrer\u00eda de Obra\" class=\"wp-image-32\"\/><\/figure>\n<\/div>\n\n\n\n<div class=\"wp-block-column is-vertically-aligned-center is-layout-flow wp-block-column-is-layout-flow\">\n<h4 class=\"wp-block-heading\">Trabajos especiales<\/h4>\n\n\n\n<p>Tenemos la posibilidad de prestar todo tipo de servicios y productos metal\u00fargicos. En nuestra carpinter\u00eda met\u00e1lica los proyectos: Los analizamos, proyectamos y los hacemos realidad. Realizamos trabajos proyectados desde planos para elaborar una produccion de cualquier tipo, seguimos creciendo para reducir tiempos.<\/p>\n\n\n\n<div class=\"wp-block-buttons is-layout-flex wp-block-buttons-is-layout-flex\">\n<div class=\"wp-block-button is-style-outline is-style-outline--3\"><a class=\"wp-block-button__link wp-element-button\" href=\"#\">Especiales<\/a><\/div>\n<\/div>\n<\/div>\n<\/div>\n<\/div>\n\n\n\n<div class=\"wp-block-group alignfull has-background is-layout-flow wp-block-group-is-layout-flow\" style=\"background-color:#e5e9ec\">\n<div class=\"wp-block-columns is-layout-flex wp-container-core-columns-is-layout-28f84493 wp-block-columns-is-layout-flex\">\n<div class=\"wp-block-column is-vertically-aligned-center is-layout-flow wp-block-column-is-layout-flow\">\n<h2 class=\"wp-block-heading\">Fabrica de Portones <\/h2>\n\n\n\n<p>Empezamos con la especializaci\u00f3n de portones autom\u00e1ticos y manuales, Portones corredizos, Levadizos, Batientes y Portones Industriales. Con el pasar de los a\u00f1os decidimos seguir integr\u00e1ndonos en dem\u00e1s rubros, Ahora somos una empresa dedicada 100% a satisfacer las necesidades de los clientes o empresas, trabajamos hace mas de 35 A\u00f1os en el rubro <\/p>\n\n\n\n<div class=\"wp-block-buttons is-horizontal is-content-justification-left is-layout-flex wp-container-core-buttons-is-layout-20be11b6 wp-block-buttons-is-layout-flex\">\n<div class=\"wp-block-button is-style-outline is-style-outline--4\"><a class=\"wp-block-button__link wp-element-button\" href=\"#www.portonesdreamtech.com\">Portones<\/a><\/div>\n<\/div>\n\n\n\n<p><\/p>\n<\/div>\n\n\n\n<div class=\"wp-block-column is-layout-flow wp-block-column-is-layout-flow\">\n<div style=\"height:48px\" aria-hidden=\"true\" class=\"wp-block-spacer\"><\/div>\n\n\n\n<figure class=\"wp-block-image size-full\"><img loading=\"lazy\" decoding=\"async\" width=\"1080\" height=\"1079\" src=\"https:\/\/dreamtecharg.com\/wp-content\/uploads\/2022\/09\/51855841_2224579217758809_5953472933144821760_n-1.jpg\" alt=\"Carpinter\u00eda Met\u00e1lica y Herrer\u00eda de Obra\" class=\"wp-image-177\"\/><\/figure>\n<\/div>\n<\/div>\n<\/div>\n\n\n\n<div class=\"wp-block-group alignfull has-black-background-color has-background is-layout-flow wp-block-group-is-layout-flow\">\n<h2 class=\"has-text-align-center has-white-color has-text-color wp-block-heading\"><strong>Galer\u00eda<\/strong><\/h2>\n\n\n\n<figure class=\"wp-block-gallery aligncenter has-nested-images columns-default is-cropped wp-block-gallery-5 is-layout-flex wp-block-gallery-is-layout-flex\">\n<figure class=\"wp-block-image size-large\"><img loading=\"lazy\" decoding=\"async\" width=\"3264\" height=\"1836\" data-id=\"58\" src=\"http:\/\/dreamtecharg.com\/wp-content\/uploads\/2022\/07\/20141201_100530.jpg\" alt=\"Carpinter\u00eda Met\u00e1lica y Herrer\u00eda de Obra\" class=\"wp-image-58\"\/><\/figure>\n\n\n\n<figure class=\"wp-block-image size-large\"><img loading=\"lazy\" decoding=\"async\" width=\"3264\" height=\"1836\" data-id=\"59\" src=\"http:\/\/dreamtecharg.com\/wp-content\/uploads\/2022\/07\/20140321_134458.jpg\" alt=\"Carpinter\u00eda Met\u00e1lica y Herrer\u00eda de Obra\" class=\"wp-image-59\"\/><\/figure>\n\n\n\n<figure class=\"wp-block-image size-large\"><img loading=\"lazy\" decoding=\"async\" width=\"3264\" height=\"1836\" data-id=\"60\" src=\"http:\/\/dreamtecharg.com\/wp-content\/uploads\/2022\/07\/20140227_160715.jpg\" alt=\"Carpinter\u00eda Met\u00e1lica \" class=\"wp-image-60\"\/><\/figure>\n\n\n\n<figure class=\"wp-block-image size-full\"><img loading=\"lazy\" decoding=\"async\" width=\"1080\" height=\"1080\" data-id=\"64\" src=\"http:\/\/dreamtecharg.com\/wp-content\/uploads\/2022\/07\/51395689_2222255121324552_3269492881408131072_n.jpg\" alt=\"Herrer\u00eda de Obra\" class=\"wp-image-64\"\/><\/figure>\n\n\n\n<figure class=\"wp-block-image size-large\"><img loading=\"lazy\" decoding=\"async\" width=\"1080\" height=\"1080\" data-id=\"62\" src=\"http:\/\/dreamtecharg.com\/wp-content\/uploads\/2022\/07\/50936739_2218662641683800_3859972076253216768_n.jpg\" alt=\"Puerta con pa\u00f1o \" class=\"wp-image-62\"\/><\/figure>\n\n\n\n<figure class=\"wp-block-image size-full\"><img loading=\"lazy\" decoding=\"async\" width=\"1080\" height=\"813\" data-id=\"63\" src=\"http:\/\/dreamtecharg.com\/wp-content\/uploads\/2022\/07\/51854080_2227001377516593_6608574180155719680_n.jpg\" alt=\"Puerta con frente integral \" class=\"wp-image-63\"\/><\/figure>\n<\/figure>\n<\/div>\n\n\n\n<div class=\"wp-block-cover alignfull is-light has-parallax is-position-center-center\" style=\"min-height:375px;aspect-ratio:unset;\"><span aria-hidden=\"true\" class=\"wp-block-cover__background has-black-background-color has-background-dim-40 has-background-dim\"><\/span><div role=\"img\" class=\"wp-block-cover__image-background wp-image-65 has-parallax\" style=\"background-position:50% 50%;background-image:url(http:\/\/dreamtecharg.com\/wp-content\/uploads\/2022\/07\/welding-steel-man-6252829.jpg)\"><\/div><div class=\"wp-block-cover__inner-container is-layout-flow wp-block-cover-is-layout-flow\">\n<p class=\"has-text-align-center has-text-color has-huge-font-size\" style=\"color:#fffffa;line-height:1.1\"><strong>Env\u00edenos sus Planos, nosotros lo Realizamos .<\/strong><\/p>\n\n\n\n<p class=\"has-text-align-center\">Conoce todo lo que podemos hacer y cont\u00e1ctanos para m\u00e1s informaci\u00f3n.<\/p>\n\n\n\n<div style=\"height:39px\" aria-hidden=\"true\" class=\"wp-block-spacer\"><\/div>\n\n\n\n<div class=\"wp-block-buttons is-horizontal is-content-justification-center is-layout-flex wp-container-core-buttons-is-layout-03627597 wp-block-buttons-is-layout-flex\">\n<div class=\"wp-block-button is-style-outline is-style-outline--6\"><a class=\"wp-block-button__link has-white-color has-text-color wp-element-button\" href=\"http:\/\/dreamtecharg.com\/index.php\/contacto\/\">Contacto<\/a><\/div>\n<\/div>\n<\/div><\/div>\n\n\n\n<ul class=\"wp-block-social-links is-style-logos-only is-layout-flex wp-block-social-links-is-layout-flex\"><li class=\"wp-social-link wp-social-link-google  wp-block-social-link\"><a href=\"https:\/\/dreamtecharg.com\/\" class=\"wp-block-social-link-anchor\"><svg width=\"24\" height=\"24\" viewBox=\"0 0 24 24\" version=\"1.1\" xmlns=\"http:\/\/www.w3.org\/2000\/svg\" aria-hidden=\"true\" focusable=\"false\"><path d=\"M12.02,10.18v3.72v0.01h5.51c-0.26,1.57-1.67,4.22-5.5,4.22c-3.31,0-6.01-2.75-6.01-6.12s2.7-6.12,6.01-6.12 c1.87,0,3.13,0.8,3.85,1.48l2.84-2.76C16.99,2.99,14.73,2,12.03,2c-5.52,0-10,4.48-10,10s4.48,10,10,10c5.77,0,9.6-4.06,9.6-9.77 c0-0.83-0.11-1.42-0.25-2.05H12.02z\"><\/path><\/svg><span class=\"wp-block-social-link-label screen-reader-text\">Google<\/span><\/a><\/li>\n\n<li class=\"wp-social-link wp-social-link-youtube  wp-block-social-link\"><a href=\"https:\/\/www.youtube.com\/@portonesdreamtech204\" class=\"wp-block-social-link-anchor\"><svg width=\"24\" height=\"24\" viewBox=\"0 0 24 24\" version=\"1.1\" xmlns=\"http:\/\/www.w3.org\/2000\/svg\" aria-hidden=\"true\" focusable=\"false\"><path d=\"M21.8,8.001c0,0-0.195-1.378-0.795-1.985c-0.76-0.797-1.613-0.801-2.004-0.847c-2.799-0.202-6.997-0.202-6.997-0.202 h-0.009c0,0-4.198,0-6.997,0.202C4.608,5.216,3.756,5.22,2.995,6.016C2.395,6.623,2.2,8.001,2.2,8.001S2,9.62,2,11.238v1.517 c0,1.618,0.2,3.237,0.2,3.237s0.195,1.378,0.795,1.985c0.761,0.797,1.76,0.771,2.205,0.855c1.6,0.153,6.8,0.201,6.8,0.201 s4.203-0.006,7.001-0.209c0.391-0.047,1.243-0.051,2.004-0.847c0.6-0.607,0.795-1.985,0.795-1.985s0.2-1.618,0.2-3.237v-1.517 C22,9.62,21.8,8.001,21.8,8.001z M9.935,14.594l-0.001-5.62l5.404,2.82L9.935,14.594z\"><\/path><\/svg><span class=\"wp-block-social-link-label screen-reader-text\">YouTube<\/span><\/a><\/li>\n\n<li class=\"wp-social-link wp-social-link-instagram  wp-block-social-link\"><a href=\"https:\/\/www.instagram.com\/dreamtech.metal\" class=\"wp-block-social-link-anchor\"><svg width=\"24\" height=\"24\" viewBox=\"0 0 24 24\" version=\"1.1\" xmlns=\"http:\/\/www.w3.org\/2000\/svg\" aria-hidden=\"true\" focusable=\"false\"><path d=\"M12,4.622c2.403,0,2.688,0.009,3.637,0.052c0.877,0.04,1.354,0.187,1.671,0.31c0.42,0.163,0.72,0.358,1.035,0.673 c0.315,0.315,0.51,0.615,0.673,1.035c0.123,0.317,0.27,0.794,0.31,1.671c0.043,0.949,0.052,1.234,0.052,3.637 s-0.009,2.688-0.052,3.637c-0.04,0.877-0.187,1.354-0.31,1.671c-0.163,0.42-0.358,0.72-0.673,1.035 c-0.315,0.315-0.615,0.51-1.035,0.673c-0.317,0.123-0.794,0.27-1.671,0.31c-0.949,0.043-1.233,0.052-3.637,0.052 s-2.688-0.009-3.637-0.052c-0.877-0.04-1.354-0.187-1.671-0.31c-0.42-0.163-0.72-0.358-1.035-0.673 c-0.315-0.315-0.51-0.615-0.673-1.035c-0.123-0.317-0.27-0.794-0.31-1.671C4.631,14.688,4.622,14.403,4.622,12 s0.009-2.688,0.052-3.637c0.04-0.877,0.187-1.354,0.31-1.671c0.163-0.42,0.358-0.72,0.673-1.035 c0.315-0.315,0.615-0.51,1.035-0.673c0.317-0.123,0.794-0.27,1.671-0.31C9.312,4.631,9.597,4.622,12,4.622 M12,3 C9.556,3,9.249,3.01,8.289,3.054C7.331,3.098,6.677,3.25,6.105,3.472C5.513,3.702,5.011,4.01,4.511,4.511 c-0.5,0.5-0.808,1.002-1.038,1.594C3.25,6.677,3.098,7.331,3.054,8.289C3.01,9.249,3,9.556,3,12c0,2.444,0.01,2.751,0.054,3.711 c0.044,0.958,0.196,1.612,0.418,2.185c0.23,0.592,0.538,1.094,1.038,1.594c0.5,0.5,1.002,0.808,1.594,1.038 c0.572,0.222,1.227,0.375,2.185,0.418C9.249,20.99,9.556,21,12,21s2.751-0.01,3.711-0.054c0.958-0.044,1.612-0.196,2.185-0.418 c0.592-0.23,1.094-0.538,1.594-1.038c0.5-0.5,0.808-1.002,1.038-1.594c0.222-0.572,0.375-1.227,0.418-2.185 C20.99,14.751,21,14.444,21,12s-0.01-2.751-0.054-3.711c-0.044-0.958-0.196-1.612-0.418-2.185c-0.23-0.592-0.538-1.094-1.038-1.594 c-0.5-0.5-1.002-0.808-1.594-1.038c-0.572-0.222-1.227-0.375-2.185-0.418C14.751,3.01,14.444,3,12,3L12,3z M12,7.378 c-2.552,0-4.622,2.069-4.622,4.622S9.448,16.622,12,16.622s4.622-2.069,4.622-4.622S14.552,7.378,12,7.378z M12,15 c-1.657,0-3-1.343-3-3s1.343-3,3-3s3,1.343,3,3S13.657,15,12,15z M16.804,6.116c-0.596,0-1.08,0.484-1.08,1.08 s0.484,1.08,1.08,1.08c0.596,0,1.08-0.484,1.08-1.08S17.401,6.116,16.804,6.116z\"><\/path><\/svg><span class=\"wp-block-social-link-label screen-reader-text\">Instagram<\/span><\/a><\/li>\n\n<li class=\"wp-social-link wp-social-link-facebook  wp-block-social-link\"><a href=\"https:\/\/www.facebook.com\/dreamtechdesign\" class=\"wp-block-social-link-anchor\"><svg width=\"24\" height=\"24\" viewBox=\"0 0 24 24\" version=\"1.1\" xmlns=\"http:\/\/www.w3.org\/2000\/svg\" aria-hidden=\"true\" focusable=\"false\"><path d=\"M12 2C6.5 2 2 6.5 2 12c0 5 3.7 9.1 8.4 9.9v-7H7.9V12h2.5V9.8c0-2.5 1.5-3.9 3.8-3.9 1.1 0 2.2.2 2.2.2v2.5h-1.3c-1.2 0-1.6.8-1.6 1.6V12h2.8l-.4 2.9h-2.3v7C18.3 21.1 22 17 22 12c0-5.5-4.5-10-10-10z\"><\/path><\/svg><span class=\"wp-block-social-link-label screen-reader-text\">Facebook<\/span><\/a><\/li><\/ul>\n","protected":false},"excerpt":{"rendered":"<p>Empresa l\u00edder en herrer\u00eda de Obra y Herrer\u00eda Industrial(Carpinter\u00eda Met\u00e1lica): Realizamos Parrillas, cercos de pileta, barandas, escaleras, herrer\u00eda art\u00edstica, techos, puertas y portones, estructuras met\u00e1licas, entre pisos, estrucutras Met\u00e1licas, Entrepisos Metalicos, Trabajos especiales con planos, Produccion, etc. Nuestra Carpinter\u00eda Met\u00e1lica &#8211; Herrer\u00eda Somos una Fabrica Nacional que brinda soluciones metal\u00fargicas integrales a diversos rubros. Nos &hellip; <\/p>\n<p class=\"link-more\"><a href=\"https:\/\/dreamtecharg.com\/\" class=\"more-link\">Read more<span class=\"screen-reader-text\"> &#8220;Carpinter\u00eda Met\u00e1lica&#8221;<\/span><\/a><\/p>\n","protected":false},"author":1,"featured_media":0,"parent":0,"menu_order":0,"comment_status":"closed","ping_status":"open","template":"","meta":{"inspiro_hide_title":false,"_joinchat":[],"footnotes":""},"class_list":["post-5","page","type-page","status-publish","hentry"],"yoast_head":"<!-- This site is optimized with the Yoast SEO plugin v27.4 - https:\/\/yoast.com\/product\/yoast-seo-wordpress\/ -->\n<title>Carpinter\u00eda Met\u00e1lica - Herreria de Obra<\/title>\n<meta name=\"description\" content=\"Carpinter\u00eda Met\u00e1lica - Herrer\u00eda de Obra e Industrial - Dise\u00f1os Especiales - Portones - Producci\u00f3n - Techos - Estructuras - Frentes integrales.\" \/>\n<meta name=\"robots\" content=\"index, follow, max-snippet:-1, max-image-preview:large, max-video-preview:-1\" \/>\n<link rel=\"canonical\" href=\"https:\/\/dreamtecharg.com\/\" \/>\n<meta property=\"og:locale\" content=\"es_ES\" \/>\n<meta property=\"og:type\" content=\"article\" \/>\n<meta property=\"og:title\" content=\"Carpinter\u00eda Met\u00e1lica - Herreria de Obra\" \/>\n<meta property=\"og:description\" content=\"Carpinter\u00eda Met\u00e1lica - Herrer\u00eda de Obra e Industrial - Dise\u00f1os Especiales - Portones - Producci\u00f3n - Techos - Estructuras - Frentes integrales.\" \/>\n<meta property=\"og:url\" content=\"https:\/\/dreamtecharg.com\/\" \/>\n<meta property=\"og:site_name\" content=\"Herreria de Obra\" \/>\n<meta property=\"article:publisher\" content=\"https:\/\/www.facebook.com\/dreamtechdesign\" \/>\n<meta property=\"article:modified_time\" content=\"2023-04-12T20:51:29+00:00\" \/>\n<meta property=\"og:image\" content=\"https:\/\/dreamtecharg.com\/wp-content\/uploads\/2022\/07\/tube-bender-work-machine-2819136.jpg\" \/>\n<meta name=\"twitter:card\" content=\"summary_large_image\" \/>\n<meta name=\"twitter:label1\" content=\"Tiempo de lectura\" \/>\n\t<meta name=\"twitter:data1\" content=\"3 minutos\" \/>\n<script type=\"application\/ld+json\" class=\"yoast-schema-graph\">{\"@context\":\"https:\\\/\\\/schema.org\",\"@graph\":[{\"@type\":\"WebPage\",\"@id\":\"https:\\\/\\\/dreamtecharg.com\\\/\",\"url\":\"https:\\\/\\\/dreamtecharg.com\\\/\",\"name\":\"Carpinter\u00eda Met\u00e1lica - Herreria de Obra\",\"isPartOf\":{\"@id\":\"https:\\\/\\\/dreamtecharg.com\\\/#website\"},\"primaryImageOfPage\":{\"@id\":\"https:\\\/\\\/dreamtecharg.com\\\/#primaryimage\"},\"image\":{\"@id\":\"https:\\\/\\\/dreamtecharg.com\\\/#primaryimage\"},\"thumbnailUrl\":\"https:\\\/\\\/dreamtecharg.com\\\/wp-content\\\/uploads\\\/2022\\\/07\\\/tube-bender-work-machine-2819136.jpg\",\"datePublished\":\"2022-07-05T20:08:32+00:00\",\"dateModified\":\"2023-04-12T20:51:29+00:00\",\"description\":\"Carpinter\u00eda Met\u00e1lica - Herrer\u00eda de Obra e Industrial - Dise\u00f1os Especiales - Portones - Producci\u00f3n - Techos - Estructuras - Frentes integrales.\",\"breadcrumb\":{\"@id\":\"https:\\\/\\\/dreamtecharg.com\\\/#breadcrumb\"},\"inLanguage\":\"es-AR\",\"potentialAction\":[{\"@type\":\"ReadAction\",\"target\":[\"https:\\\/\\\/dreamtecharg.com\\\/\"]}]},{\"@type\":\"ImageObject\",\"inLanguage\":\"es-AR\",\"@id\":\"https:\\\/\\\/dreamtecharg.com\\\/#primaryimage\",\"url\":\"https:\\\/\\\/dreamtecharg.com\\\/wp-content\\\/uploads\\\/2022\\\/07\\\/tube-bender-work-machine-2819136.jpg\",\"contentUrl\":\"https:\\\/\\\/dreamtecharg.com\\\/wp-content\\\/uploads\\\/2022\\\/07\\\/tube-bender-work-machine-2819136.jpg\",\"width\":1280,\"height\":853,\"caption\":\"Corte y plegado\"},{\"@type\":\"BreadcrumbList\",\"@id\":\"https:\\\/\\\/dreamtecharg.com\\\/#breadcrumb\",\"itemListElement\":[{\"@type\":\"ListItem\",\"position\":1,\"name\":\"Inicio\",\"item\":\"https:\\\/\\\/dreamtecharg.com\\\/\"},{\"@type\":\"ListItem\",\"position\":2,\"name\":\"Carpinter\u00eda Met\u00e1lica\"}]},{\"@type\":\"WebSite\",\"@id\":\"https:\\\/\\\/dreamtecharg.com\\\/#website\",\"url\":\"https:\\\/\\\/dreamtecharg.com\\\/\",\"name\":\"Herreria de Obra\",\"description\":\"Carpinter\u00eda Met\u00e1lica\",\"publisher\":{\"@id\":\"https:\\\/\\\/dreamtecharg.com\\\/#organization\"},\"alternateName\":\"Carpinter\u00eda Met\u00e1lica\",\"potentialAction\":[{\"@type\":\"SearchAction\",\"target\":{\"@type\":\"EntryPoint\",\"urlTemplate\":\"https:\\\/\\\/dreamtecharg.com\\\/?s={search_term_string}\"},\"query-input\":{\"@type\":\"PropertyValueSpecification\",\"valueRequired\":true,\"valueName\":\"search_term_string\"}}],\"inLanguage\":\"es-AR\"},{\"@type\":\"Organization\",\"@id\":\"https:\\\/\\\/dreamtecharg.com\\\/#organization\",\"name\":\"Dreamtech Metal\u00fargica\",\"url\":\"https:\\\/\\\/dreamtecharg.com\\\/\",\"logo\":{\"@type\":\"ImageObject\",\"inLanguage\":\"es-AR\",\"@id\":\"https:\\\/\\\/dreamtecharg.com\\\/#\\\/schema\\\/logo\\\/image\\\/\",\"url\":\"https:\\\/\\\/dreamtecharg.com\\\/wp-content\\\/uploads\\\/2023\\\/04\\\/asdasd-03.png\",\"contentUrl\":\"https:\\\/\\\/dreamtecharg.com\\\/wp-content\\\/uploads\\\/2023\\\/04\\\/asdasd-03.png\",\"width\":3137,\"height\":2909,\"caption\":\"Dreamtech Metal\u00fargica\"},\"image\":{\"@id\":\"https:\\\/\\\/dreamtecharg.com\\\/#\\\/schema\\\/logo\\\/image\\\/\"},\"sameAs\":[\"https:\\\/\\\/www.facebook.com\\\/dreamtechdesign\",\"https:\\\/\\\/www.instagram.com\\\/dreamtech.metal\"]}]}<\/script>\n<!-- \/ Yoast SEO plugin. -->","yoast_head_json":{"title":"Carpinter\u00eda Met\u00e1lica - Herreria de Obra","description":"Carpinter\u00eda Met\u00e1lica - Herrer\u00eda de Obra e Industrial - Dise\u00f1os Especiales - Portones - Producci\u00f3n - Techos - Estructuras - Frentes integrales.","robots":{"index":"index","follow":"follow","max-snippet":"max-snippet:-1","max-image-preview":"max-image-preview:large","max-video-preview":"max-video-preview:-1"},"canonical":"https:\/\/dreamtecharg.com\/","og_locale":"es_ES","og_type":"article","og_title":"Carpinter\u00eda Met\u00e1lica - Herreria de Obra","og_description":"Carpinter\u00eda Met\u00e1lica - Herrer\u00eda de Obra e Industrial - Dise\u00f1os Especiales - Portones - Producci\u00f3n - Techos - Estructuras - Frentes integrales.","og_url":"https:\/\/dreamtecharg.com\/","og_site_name":"Herreria de Obra","article_publisher":"https:\/\/www.facebook.com\/dreamtechdesign","article_modified_time":"2023-04-12T20:51:29+00:00","og_image":[{"url":"https:\/\/dreamtecharg.com\/wp-content\/uploads\/2022\/07\/tube-bender-work-machine-2819136.jpg","type":"","width":"","height":""}],"twitter_card":"summary_large_image","twitter_misc":{"Tiempo de lectura":"3 minutos"},"schema":{"@context":"https:\/\/schema.org","@graph":[{"@type":"WebPage","@id":"https:\/\/dreamtecharg.com\/","url":"https:\/\/dreamtecharg.com\/","name":"Carpinter\u00eda Met\u00e1lica - Herreria de Obra","isPartOf":{"@id":"https:\/\/dreamtecharg.com\/#website"},"primaryImageOfPage":{"@id":"https:\/\/dreamtecharg.com\/#primaryimage"},"image":{"@id":"https:\/\/dreamtecharg.com\/#primaryimage"},"thumbnailUrl":"https:\/\/dreamtecharg.com\/wp-content\/uploads\/2022\/07\/tube-bender-work-machine-2819136.jpg","datePublished":"2022-07-05T20:08:32+00:00","dateModified":"2023-04-12T20:51:29+00:00","description":"Carpinter\u00eda Met\u00e1lica - Herrer\u00eda de Obra e Industrial - Dise\u00f1os Especiales - Portones - Producci\u00f3n - Techos - Estructuras - Frentes integrales.","breadcrumb":{"@id":"https:\/\/dreamtecharg.com\/#breadcrumb"},"inLanguage":"es-AR","potentialAction":[{"@type":"ReadAction","target":["https:\/\/dreamtecharg.com\/"]}]},{"@type":"ImageObject","inLanguage":"es-AR","@id":"https:\/\/dreamtecharg.com\/#primaryimage","url":"https:\/\/dreamtecharg.com\/wp-content\/uploads\/2022\/07\/tube-bender-work-machine-2819136.jpg","contentUrl":"https:\/\/dreamtecharg.com\/wp-content\/uploads\/2022\/07\/tube-bender-work-machine-2819136.jpg","width":1280,"height":853,"caption":"Corte y plegado"},{"@type":"BreadcrumbList","@id":"https:\/\/dreamtecharg.com\/#breadcrumb","itemListElement":[{"@type":"ListItem","position":1,"name":"Inicio","item":"https:\/\/dreamtecharg.com\/"},{"@type":"ListItem","position":2,"name":"Carpinter\u00eda Met\u00e1lica"}]},{"@type":"WebSite","@id":"https:\/\/dreamtecharg.com\/#website","url":"https:\/\/dreamtecharg.com\/","name":"Herreria de Obra","description":"Carpinter\u00eda Met\u00e1lica","publisher":{"@id":"https:\/\/dreamtecharg.com\/#organization"},"alternateName":"Carpinter\u00eda Met\u00e1lica","potentialAction":[{"@type":"SearchAction","target":{"@type":"EntryPoint","urlTemplate":"https:\/\/dreamtecharg.com\/?s={search_term_string}"},"query-input":{"@type":"PropertyValueSpecification","valueRequired":true,"valueName":"search_term_string"}}],"inLanguage":"es-AR"},{"@type":"Organization","@id":"https:\/\/dreamtecharg.com\/#organization","name":"Dreamtech Metal\u00fargica","url":"https:\/\/dreamtecharg.com\/","logo":{"@type":"ImageObject","inLanguage":"es-AR","@id":"https:\/\/dreamtecharg.com\/#\/schema\/logo\/image\/","url":"https:\/\/dreamtecharg.com\/wp-content\/uploads\/2023\/04\/asdasd-03.png","contentUrl":"https:\/\/dreamtecharg.com\/wp-content\/uploads\/2023\/04\/asdasd-03.png","width":3137,"height":2909,"caption":"Dreamtech Metal\u00fargica"},"image":{"@id":"https:\/\/dreamtecharg.com\/#\/schema\/logo\/image\/"},"sameAs":["https:\/\/www.facebook.com\/dreamtechdesign","https:\/\/www.instagram.com\/dreamtech.metal"]}]}},"_links":{"self":[{"href":"https:\/\/dreamtecharg.com\/index.php\/wp-json\/wp\/v2\/pages\/5","targetHints":{"allow":["GET"]}}],"collection":[{"href":"https:\/\/dreamtecharg.com\/index.php\/wp-json\/wp\/v2\/pages"}],"about":[{"href":"https:\/\/dreamtecharg.com\/index.php\/wp-json\/wp\/v2\/types\/page"}],"author":[{"embeddable":true,"href":"https:\/\/dreamtecharg.com\/index.php\/wp-json\/wp\/v2\/users\/1"}],"replies":[{"embeddable":true,"href":"https:\/\/dreamtecharg.com\/index.php\/wp-json\/wp\/v2\/comments?post=5"}],"version-history":[{"count":35,"href":"https:\/\/dreamtecharg.com\/index.php\/wp-json\/wp\/v2\/pages\/5\/revisions"}],"predecessor-version":[{"id":359,"href":"https:\/\/dreamtecharg.com\/index.php\/wp-json\/wp\/v2\/pages\/5\/revisions\/359"}],"wp:attachment":[{"href":"https:\/\/dreamtecharg.com\/index.php\/wp-json\/wp\/v2\/media?parent=5"}],"curies":[{"name":"wp","href":"https:\/\/api.w.org\/{rel}","templated":true}]}}